{"id":11167,"date":"2020-02-12T13:11:38","date_gmt":"2020-02-12T12:11:38","guid":{"rendered":"https:\/\/helnaes-camping.dk\/kontakt\/"},"modified":"2025-12-05T15:05:36","modified_gmt":"2025-12-05T14:05:36","slug":"kontakt","status":"publish","type":"page","link":"https:\/\/helnaes-camping.dk\/de\/kontakt\/","title":{"rendered":"Kontakt"},"content":{"rendered":"\t\t<div data-elementor-type=\"wp-page\" data-elementor-id=\"11167\" class=\"elementor elementor-11167 elementor-61\" data-elementor-post-type=\"page\">\n\t\t\t\t<div class=\"elementor-element elementor-element-2bc4b5ab white e-flex e-con-boxed e-con e-parent\" data-id=\"2bc4b5ab\" data-element_type=\"container\" data-settings=\"{&quot;background_background&quot;:&quot;classic&quot;}\">\n\t\t\t\t\t<div class=\"e-con-inner\">\n\t\t\t\t\t<\/div>\n\t\t\t\t<\/div>\n\t\t<div class=\"elementor-element elementor-element-55903ee9 e-flex e-con-boxed e-con e-parent\" data-id=\"55903ee9\" data-element_type=\"container\">\n\t\t\t\t\t<div class=\"e-con-inner\">\n\t\t<div class=\"elementor-element elementor-element-5f65d8cc e-con-full e-flex e-con e-child\" data-id=\"5f65d8cc\" data-element_type=\"container\">\n\t\t\t\t<div class=\"elementor-element elementor-element-76a722b6 prehead elementor-widget elementor-widget-text-editor\" data-id=\"76a722b6\" data-element_type=\"widget\" data-widget_type=\"text-editor.default\">\n\t\t\t\t<div class=\"elementor-widget-container\">\n\t\t\t\t\t\t\t\t\t<p>Hinaus ins Blaue, hinein ins Gr\u00fcne<\/p>\t\t\t\t\t\t\t\t<\/div>\n\t\t\t\t<\/div>\n\t\t\t\t<div class=\"elementor-element elementor-element-4bda3d52 elementor-widget elementor-widget-text-editor\" data-id=\"4bda3d52\" data-element_type=\"widget\" data-widget_type=\"text-editor.default\">\n\t\t\t\t<div class=\"elementor-widget-container\">\n\t\t\t\t\t\t\t\t\t<h1>Kontaktieren Sie uns<\/h1><h2>Unsere Kontaktinformationen<\/h2><p><strong>Heln\u00e6s Campingplads<\/strong><br>Adresse:  <a href=\"https:\/\/www.google.com\/maps\/place\/Strandbakken 21, 5631 Ebberup, Danmark\" target=\"_blank\" aria-label=\"Adresse\">Strandbakken 21, 5631 Ebberup, Danmark<\/a><\/p><p>Telefon:<a href=\"tel:64 77 13 39\" aria-label=\"Telefon nummer\">64 77 13 39<\/a><br> E-Mail:  <a href=\"mailto:info@helnaes-camping.dk\" aria-label=\"Email adresse\">info@helnaes-camping.dk<\/a><\/p><p>CVR-Nummer:  40315845<\/p>\t\t\t\t\t\t\t\t<\/div>\n\t\t\t\t<\/div>\n\t\t\t\t<\/div>\n\t\t<div class=\"elementor-element elementor-element-2b4c9a80 e-con-full e-flex e-con e-child\" data-id=\"2b4c9a80\" data-element_type=\"container\">\n\t\t<div class=\"elementor-element elementor-element-7f9ae6e2 e-con-full dark e-flex e-con e-child\" data-id=\"7f9ae6e2\" data-element_type=\"container\" data-settings=\"{&quot;background_background&quot;:&quot;classic&quot;}\">\n\t\t<div class=\"elementor-element elementor-element-3118db3a e-con-full e-flex e-con e-child\" data-id=\"3118db3a\" data-element_type=\"container\">\n\t\t<div class=\"elementor-element elementor-element-5c3f0d54 e-con-full e-flex e-con e-child\" data-id=\"5c3f0d54\" data-element_type=\"container\">\n\t\t\t\t<div class=\"elementor-element elementor-element-4072eca2 elementor-widget elementor-widget-text-editor\" data-id=\"4072eca2\" data-element_type=\"widget\" data-widget_type=\"text-editor.default\">\n\t\t\t\t<div class=\"elementor-widget-container\">\n\t\t\t\t\t\t\t\t\t<h3>Nehmen Sie noch heute Kontakt mit uns auf!<\/h3><p>Wir sind bereit, Ihren Auftrag zu \u00fcbernehmen. Kontaktieren Sie uns telefonisch, per E-Mail oder \u00fcber das Kontaktformular. <\/p>\t\t\t\t\t\t\t\t<\/div>\n\t\t\t\t<\/div>\n\t\t<div class=\"elementor-element elementor-element-fd20e00 e-con-full e-flex e-con e-child\" data-id=\"fd20e00\" data-element_type=\"container\">\n\t\t\t\t<div class=\"elementor-element elementor-element-6f7415ed elementor-icon-list--layout-inline elementor-align-left elementor-mobile-align-left elementor-list-item-link-full_width elementor-widget elementor-widget-icon-list\" data-id=\"6f7415ed\" data-element_type=\"widget\" data-widget_type=\"icon-list.default\">\n\t\t\t\t<div class=\"elementor-widget-container\">\n\t\t\t\t\t\t\t<ul class=\"elementor-icon-list-items elementor-inline-items\">\n\t\t\t\t\t\t\t<li class=\"elementor-icon-list-item elementor-inline-item\">\n\t\t\t\t\t\t\t\t\t\t\t<span class=\"elementor-icon-list-icon\">\n\t\t\t\t\t\t\t<svg aria-hidden=\"true\" class=\"e-font-icon-svg e-fas-phone-alt\" viewBox=\"0 0 512 512\" xmlns=\"http:\/\/www.w3.org\/2000\/svg\"><path d=\"M497.39 361.8l-112-48a24 24 0 0 0-28 6.9l-49.6 60.6A370.66 370.66 0 0 1 130.6 204.11l60.6-49.6a23.94 23.94 0 0 0 6.9-28l-48-112A24.16 24.16 0 0 0 122.6.61l-104 24A24 24 0 0 0 0 48c0 256.5 207.9 464 464 464a24 24 0 0 0 23.4-18.6l24-104a24.29 24.29 0 0 0-14.01-27.6z\"><\/path><\/svg>\t\t\t\t\t\t<\/span>\n\t\t\t\t\t\t\t\t\t\t<span class=\"elementor-icon-list-text\"><a href=\"tel:64 77 13 39\" aria-label=\"Telefon nummer\">64 77 13 39<\/a><\/span>\n\t\t\t\t\t\t\t\t\t<\/li>\n\t\t\t\t\t\t\t\t<li class=\"elementor-icon-list-item elementor-inline-item\">\n\t\t\t\t\t\t\t\t\t\t\t<span class=\"elementor-icon-list-icon\">\n\t\t\t\t\t\t\t<svg aria-hidden=\"true\" class=\"e-font-icon-svg e-fas-envelope\" viewBox=\"0 0 512 512\" xmlns=\"http:\/\/www.w3.org\/2000\/svg\"><path d=\"M502.3 190.8c3.9-3.1 9.7-.2 9.7 4.7V400c0 26.5-21.5 48-48 48H48c-26.5 0-48-21.5-48-48V195.6c0-5 5.7-7.8 9.7-4.7 22.4 17.4 52.1 39.5 154.1 113.6 21.1 15.4 56.7 47.8 92.2 47.6 35.7.3 72-32.8 92.3-47.6 102-74.1 131.6-96.3 154-113.7zM256 320c23.2.4 56.6-29.2 73.4-41.4 132.7-96.3 142.8-104.7 173.4-128.7 5.8-4.5 9.2-11.5 9.2-18.9v-19c0-26.5-21.5-48-48-48H48C21.5 64 0 85.5 0 112v19c0 7.4 3.4 14.3 9.2 18.9 30.6 23.9 40.7 32.4 173.4 128.7 16.8 12.2 50.2 41.8 73.4 41.4z\"><\/path><\/svg>\t\t\t\t\t\t<\/span>\n\t\t\t\t\t\t\t\t\t\t<span class=\"elementor-icon-list-text\"><a href=\"mailto:info@helnaes-camping.dk\" aria-label=\"Email adresse\">info@helnaes-camping.dk<\/a><\/span>\n\t\t\t\t\t\t\t\t\t<\/li>\n\t\t\t\t\t\t<\/ul>\n\t\t\t\t\t\t<\/div>\n\t\t\t\t<\/div>\n\t\t\t\t<\/div>\n\t\t\t\t<div class=\"elementor-element elementor-element-62470fb9 elementor-widget-divider--view-line elementor-widget elementor-widget-divider\" data-id=\"62470fb9\" data-element_type=\"widget\" data-widget_type=\"divider.default\">\n\t\t\t\t<div class=\"elementor-widget-container\">\n\t\t\t\t\t\t\t<div class=\"elementor-divider\">\n\t\t\t<span class=\"elementor-divider-separator\">\n\t\t\t\t\t\t<\/span>\n\t\t<\/div>\n\t\t\t\t\t\t<\/div>\n\t\t\t\t<\/div>\n\t\t\t\t<\/div>\n\t\t\t\t<\/div>\n\t\t\t\t<div class=\"elementor-element elementor-element-676db1fc elementor-widget elementor-widget-shortcode\" data-id=\"676db1fc\" data-element_type=\"widget\" data-widget_type=\"shortcode.default\">\n\t\t\t\t<div class=\"elementor-widget-container\">\n\t\t\t\t\t\t\t<div class=\"elementor-shortcode\"><form id=\"forminator-module-11394\" class=\"forminator-custom-form forminator-custom-form-11394\" method=\"post\" data-forminator-render=\"1\" data-uid=\"69e690ce188fb\"><div role=\"alert\" aria-live=\"polite\" class=\"forminator-response-message forminator-error\" aria-hidden=\"true\"><\/div><\/form><\/div>\n\t\t\t\t\t\t<\/div>\n\t\t\t\t<\/div>\n\t\t\t\t<\/div>\n\t\t\t\t<\/div>\n\t\t\t\t\t<\/div>\n\t\t\t\t<\/div>\n\t\t\t\t<\/div>\n\t\t","protected":false},"excerpt":{"rendered":"<p>Haben Sie Fragen oder Anmerkungen? Kontaktieren Sie uns noch heute, um mehr dar\u00fcber zu erfahren, was wir f\u00fcr Sie tun k\u00f6nnen. <\/p>\n","protected":false},"author":1,"featured_media":0,"parent":0,"menu_order":0,"comment_status":"closed","ping_status":"closed","template":"","meta":{"_acf_changed":false,"footnotes":""},"categories":[],"class_list":["post-11167","page","type-page","status-publish"],"acf":[],"yoast_head":"<!-- This site is optimized with the Yoast SEO plugin v27.4 - https:\/\/yoast.com\/product\/yoast-seo-wordpress\/ -->\n<title>Kontakt - Heln\u00e6s Camping<\/title>\n<meta name=\"description\" content=\"Kontakt - Heln\u00e6s Camping\" \/>\n<meta name=\"robots\" content=\"index, follow, max-snippet:-1, max-image-preview:large, max-video-preview:-1\" \/>\n<link rel=\"canonical\" href=\"https:\/\/helnaes-camping.dk\/de\/kontakt\/\" \/>\n<meta property=\"og:locale\" content=\"de_DE\" \/>\n<meta property=\"og:type\" content=\"article\" \/>\n<meta property=\"og:title\" content=\"Kontakt - Heln\u00e6s Camping\" \/>\n<meta property=\"og:description\" content=\"Kontakt - Heln\u00e6s Camping\" \/>\n<meta property=\"og:url\" content=\"https:\/\/helnaes-camping.dk\/de\/kontakt\/\" \/>\n<meta property=\"og:site_name\" content=\"Heln\u00e6s Campingplads\" \/>\n<meta property=\"article:modified_time\" content=\"2025-12-05T14:05:36+00:00\" \/>\n<meta name=\"twitter:card\" content=\"summary_large_image\" \/>\n<script type=\"application\/ld+json\" class=\"yoast-schema-graph\">{\"@context\":\"https:\\\/\\\/schema.org\",\"@graph\":[{\"@type\":\"WebPage\",\"@id\":\"https:\\\/\\\/helnaes-camping.dk\\\/de\\\/kontakt\\\/\",\"url\":\"https:\\\/\\\/helnaes-camping.dk\\\/de\\\/kontakt\\\/\",\"name\":\"Kontakt - Heln\u00e6s Camping\",\"isPartOf\":{\"@id\":\"https:\\\/\\\/helnaes-camping.dk\\\/de\\\/#website\"},\"datePublished\":\"2020-02-12T12:11:38+00:00\",\"dateModified\":\"2025-12-05T14:05:36+00:00\",\"description\":\"Kontakt - Heln\u00e6s Camping\",\"breadcrumb\":{\"@id\":\"https:\\\/\\\/helnaes-camping.dk\\\/de\\\/kontakt\\\/#breadcrumb\"},\"inLanguage\":\"de\",\"potentialAction\":[{\"@type\":\"ReadAction\",\"target\":[\"https:\\\/\\\/helnaes-camping.dk\\\/de\\\/kontakt\\\/\"]}]},{\"@type\":\"BreadcrumbList\",\"@id\":\"https:\\\/\\\/helnaes-camping.dk\\\/de\\\/kontakt\\\/#breadcrumb\",\"itemListElement\":[{\"@type\":\"ListItem\",\"position\":1,\"name\":\"Forside\",\"item\":\"https:\\\/\\\/helnaes-camping.dk\\\/de\\\/\"},{\"@type\":\"ListItem\",\"position\":2,\"name\":\"Kontakt\"}]},{\"@type\":\"WebSite\",\"@id\":\"https:\\\/\\\/helnaes-camping.dk\\\/de\\\/#website\",\"url\":\"https:\\\/\\\/helnaes-camping.dk\\\/de\\\/\",\"name\":\"Heln\u00e6s Campingplads\",\"description\":\"Camping og overnatning p\u00e5 Heln\u00e6s Campingplads \",\"publisher\":{\"@id\":\"https:\\\/\\\/helnaes-camping.dk\\\/de\\\/#organization\"},\"potentialAction\":[{\"@type\":\"SearchAction\",\"target\":{\"@type\":\"EntryPoint\",\"urlTemplate\":\"https:\\\/\\\/helnaes-camping.dk\\\/de\\\/?s={search_term_string}\"},\"query-input\":{\"@type\":\"PropertyValueSpecification\",\"valueRequired\":true,\"valueName\":\"search_term_string\"}}],\"inLanguage\":\"de\"},{\"@type\":\"Organization\",\"@id\":\"https:\\\/\\\/helnaes-camping.dk\\\/de\\\/#organization\",\"name\":\"Heln\u00e6s Campingplads\",\"url\":\"https:\\\/\\\/helnaes-camping.dk\\\/de\\\/\",\"logo\":{\"@type\":\"ImageObject\",\"inLanguage\":\"de\",\"@id\":\"https:\\\/\\\/helnaes-camping.dk\\\/de\\\/#\\\/schema\\\/logo\\\/image\\\/\",\"url\":\"https:\\\/\\\/helnaes-camping.dk\\\/wp-content\\\/uploads\\\/2025\\\/10\\\/helnes-1.png\",\"contentUrl\":\"https:\\\/\\\/helnaes-camping.dk\\\/wp-content\\\/uploads\\\/2025\\\/10\\\/helnes-1.png\",\"width\":700,\"height\":304,\"caption\":\"Heln\u00e6s Campingplads\"},\"image\":{\"@id\":\"https:\\\/\\\/helnaes-camping.dk\\\/de\\\/#\\\/schema\\\/logo\\\/image\\\/\"}}]}<\/script>\n<!-- \/ Yoast SEO plugin. -->","yoast_head_json":{"title":"Kontakt - Heln\u00e6s Camping","description":"Kontakt - Heln\u00e6s Camping","robots":{"index":"index","follow":"follow","max-snippet":"max-snippet:-1","max-image-preview":"max-image-preview:large","max-video-preview":"max-video-preview:-1"},"canonical":"https:\/\/helnaes-camping.dk\/de\/kontakt\/","og_locale":"de_DE","og_type":"article","og_title":"Kontakt - Heln\u00e6s Camping","og_description":"Kontakt - Heln\u00e6s Camping","og_url":"https:\/\/helnaes-camping.dk\/de\/kontakt\/","og_site_name":"Heln\u00e6s Campingplads","article_modified_time":"2025-12-05T14:05:36+00:00","twitter_card":"summary_large_image","schema":{"@context":"https:\/\/schema.org","@graph":[{"@type":"WebPage","@id":"https:\/\/helnaes-camping.dk\/de\/kontakt\/","url":"https:\/\/helnaes-camping.dk\/de\/kontakt\/","name":"Kontakt - Heln\u00e6s Camping","isPartOf":{"@id":"https:\/\/helnaes-camping.dk\/de\/#website"},"datePublished":"2020-02-12T12:11:38+00:00","dateModified":"2025-12-05T14:05:36+00:00","description":"Kontakt - Heln\u00e6s Camping","breadcrumb":{"@id":"https:\/\/helnaes-camping.dk\/de\/kontakt\/#breadcrumb"},"inLanguage":"de","potentialAction":[{"@type":"ReadAction","target":["https:\/\/helnaes-camping.dk\/de\/kontakt\/"]}]},{"@type":"BreadcrumbList","@id":"https:\/\/helnaes-camping.dk\/de\/kontakt\/#breadcrumb","itemListElement":[{"@type":"ListItem","position":1,"name":"Forside","item":"https:\/\/helnaes-camping.dk\/de\/"},{"@type":"ListItem","position":2,"name":"Kontakt"}]},{"@type":"WebSite","@id":"https:\/\/helnaes-camping.dk\/de\/#website","url":"https:\/\/helnaes-camping.dk\/de\/","name":"Heln\u00e6s Campingplads","description":"Camping og overnatning p\u00e5 Heln\u00e6s Campingplads ","publisher":{"@id":"https:\/\/helnaes-camping.dk\/de\/#organization"},"potentialAction":[{"@type":"SearchAction","target":{"@type":"EntryPoint","urlTemplate":"https:\/\/helnaes-camping.dk\/de\/?s={search_term_string}"},"query-input":{"@type":"PropertyValueSpecification","valueRequired":true,"valueName":"search_term_string"}}],"inLanguage":"de"},{"@type":"Organization","@id":"https:\/\/helnaes-camping.dk\/de\/#organization","name":"Heln\u00e6s Campingplads","url":"https:\/\/helnaes-camping.dk\/de\/","logo":{"@type":"ImageObject","inLanguage":"de","@id":"https:\/\/helnaes-camping.dk\/de\/#\/schema\/logo\/image\/","url":"https:\/\/helnaes-camping.dk\/wp-content\/uploads\/2025\/10\/helnes-1.png","contentUrl":"https:\/\/helnaes-camping.dk\/wp-content\/uploads\/2025\/10\/helnes-1.png","width":700,"height":304,"caption":"Heln\u00e6s Campingplads"},"image":{"@id":"https:\/\/helnaes-camping.dk\/de\/#\/schema\/logo\/image\/"}}]}},"_links":{"self":[{"href":"https:\/\/helnaes-camping.dk\/de\/wp-json\/wp\/v2\/pages\/11167","targetHints":{"allow":["GET"]}}],"collection":[{"href":"https:\/\/helnaes-camping.dk\/de\/wp-json\/wp\/v2\/pages"}],"about":[{"href":"https:\/\/helnaes-camping.dk\/de\/wp-json\/wp\/v2\/types\/page"}],"author":[{"embeddable":true,"href":"https:\/\/helnaes-camping.dk\/de\/wp-json\/wp\/v2\/users\/1"}],"replies":[{"embeddable":true,"href":"https:\/\/helnaes-camping.dk\/de\/wp-json\/wp\/v2\/comments?post=11167"}],"version-history":[{"count":4,"href":"https:\/\/helnaes-camping.dk\/de\/wp-json\/wp\/v2\/pages\/11167\/revisions"}],"predecessor-version":[{"id":11493,"href":"https:\/\/helnaes-camping.dk\/de\/wp-json\/wp\/v2\/pages\/11167\/revisions\/11493"}],"wp:attachment":[{"href":"https:\/\/helnaes-camping.dk\/de\/wp-json\/wp\/v2\/media?parent=11167"}],"wp:term":[{"taxonomy":"category","embeddable":true,"href":"https:\/\/helnaes-camping.dk\/de\/wp-json\/wp\/v2\/categories?post=11167"}],"curies":[{"name":"wp","href":"https:\/\/api.w.org\/{rel}","templated":true}]}}